{"id":44,"date":"2014-01-01T08:08:18","date_gmt":"2014-01-01T07:08:18","guid":{"rendered":"http:\/\/marikajonson.se\/?page_id=44"},"modified":"2023-05-15T20:28:55","modified_gmt":"2023-05-15T18:28:55","slug":"contact","status":"publish","type":"page","link":"https:\/\/marikajonson.se\/en\/contact\/","title":{"rendered":"About me"},"content":{"rendered":"<p><div id=\"attachment_1197\" style=\"width: 499px\" class=\"wp-caption alignnone\"><img aria-describedby=\"caption-attachment-1197\" decoding=\"async\" loading=\"lazy\" class=\"wp-image-1197 \" src=\"http:\/\/marikajonson.se\/wp-content\/uploads\/2016\/03\/marika_jonson.jpg\" alt=\"Leder en nationellt workshop om museer online i Visby 2008 Presenterar IdeK-labbet p\u00e5 ett inspirationsseminarium om digital kommunikation p\u00e5 Nordiska museet i Stockholm 2011 Firar varum\u00e4rkesarbetet p\u00e5 Congrex, Stockholm 2010\" width=\"489\" height=\"332\" srcset=\"https:\/\/marikajonson.se\/wp-content\/uploads\/2016\/03\/marika_jonson.jpg 410w, https:\/\/marikajonson.se\/wp-content\/uploads\/2016\/03\/marika_jonson-200x136.jpg 200w, https:\/\/marikajonson.se\/wp-content\/uploads\/2016\/03\/marika_jonson-210x142.jpg 210w\" sizes=\"(max-width: 489px) 100vw, 489px\" \/><p id=\"caption-attachment-1197\" class=\"wp-caption-text\">1.\u00a0Facilitating a national workshop on the topic of museums online, Visby 2008 <br \/>2. Presenting the IDEK lab\u2019s inspirational seminar on digital communication at <a href=\"http:\/\/www.nordiskamuseet.se\/\">The Nordic Museum<\/a>, Stockholm 2011 <br \/>3. Celebrating the launch of the new corporate branding strategy\u00a0at Congrex, Stockholm 2010<\/p><\/div><\/p>\n<h3>Designing cleverly<\/h3>\n<p>Textile Designer with education acquired at <a href=\"http:\/\/www.hb.se\/The-Swedish-School-of-Textiles\/\">University of Bor\u00e5s,<\/a>\u00a0<a href=\"https:\/\/www.acad.ca\/\">Alberta College of Art and Design<\/a> in Calgary och <a href=\"http:\/\/nyckelviksskolan.se\/in-english\/about-the-school\/\">Nyckelviksskolan<\/a>\u00a0at Liding\u00f6.<\/p>\n<p>Comfortable throughout the entire production chain; from briefing, specification, contact with production and printing to the final distribution channels.<br \/>\nGraphic design of print, digital media, trade fairs and exhibitions.<br \/>\nCreated image management policies and have experience in images editing.<br \/>\nCreated visual profiles for organisations, companies, conferences and events.<\/p>\n<h3>Internationally saturated<\/h3>\n<p>My career is infused with the international environments I lived in, which I find both stimulating and comfortable considering I grew up in southern France. I\u2019ve worked in international environments responsible for internal and external communication, both operationally and strategically. And I have, on freelance basis in North America, written about design and exhibition methods.<\/p>\n<h1><a title=\"linkedIn Marika Jonson\" href=\"http:\/\/www.linkedin.com\/in\/marikajonson\"><img decoding=\"async\" loading=\"lazy\" class=\"alignnone size-full wp-image-533\" src=\"http:\/\/marikajonson.se\/wp-content\/uploads\/2011\/12\/linkedin.png\" alt=\"linkedin marika jonson\" width=\"100\" height=\"60\" \/><\/a><\/h1>\n<p><\/p>","protected":false},"excerpt":{"rendered":"<p>Designing cleverly Textile Designer with education acquired at University of Bor\u00e5s,\u00a0Alberta College of Art and Design in Calgary och Nyckelviksskolan\u00a0at Liding\u00f6. Comfortable throughout the entire production chain; from briefing, specification, contact with production and printing to the final distribution channels.<\/p>\n","protected":false},"author":1,"featured_media":0,"parent":0,"menu_order":0,"comment_status":"closed","ping_status":"closed","template":"","meta":[],"_links":{"self":[{"href":"https:\/\/marikajonson.se\/en\/wp-json\/wp\/v2\/pages\/44"}],"collection":[{"href":"https:\/\/marikajonson.se\/en\/wp-json\/wp\/v2\/pages"}],"about":[{"href":"https:\/\/marikajonson.se\/en\/wp-json\/wp\/v2\/types\/page"}],"author":[{"embeddable":true,"href":"https:\/\/marikajonson.se\/en\/wp-json\/wp\/v2\/users\/1"}],"replies":[{"embeddable":true,"href":"https:\/\/marikajonson.se\/en\/wp-json\/wp\/v2\/comments?post=44"}],"version-history":[{"count":10,"href":"https:\/\/marikajonson.se\/en\/wp-json\/wp\/v2\/pages\/44\/revisions"}],"predecessor-version":[{"id":45266,"href":"https:\/\/marikajonson.se\/en\/wp-json\/wp\/v2\/pages\/44\/revisions\/45266"}],"wp:attachment":[{"href":"https:\/\/marikajonson.se\/en\/wp-json\/wp\/v2\/media?parent=44"}],"curies":[{"name":"wp","href":"https:\/\/api.w.org\/{rel}","templated":true}]}}