{"id":16,"date":"2016-03-08T11:04:24","date_gmt":"2016-03-08T10:04:24","guid":{"rendered":"http:\/\/marikajonson.se\/?page_id=16"},"modified":"2016-03-11T01:42:48","modified_gmt":"2016-03-11T00:42:48","slug":"kaosreda","status":"publish","type":"page","link":"https:\/\/marikajonson.se\/en\/kaosreda\/","title":{"rendered":"Kaosreda"},"content":{"rendered":"<p><strong>Genom \u00e5ren har jag hj\u00e4lpt familj, v\u00e4nner och bekanta med att f\u00e5 ordning i sina hem genom att rensa, strukturera och g\u00f6ra sig av med on\u00f6diga prylar.<\/strong><\/p>\n<p>Jag f\u00e5r ofta fr\u00e5gor om jag har en webbsida med tips och det har jag.\u00a0 Vars\u00e5 god: <strong><span style=\"color: #8f1b5b;\"><a style=\"color: #8f1b5b;\" href=\"http:\/\/kaosreda.se\/\">Kaosreda!<\/a><\/span><br \/>\n<\/strong><\/p>\n<h2><a href=\"http:\/\/kaosreda.se\/\" target=\"_blank\"><img decoding=\"async\" loading=\"lazy\" class=\"alignnone size-full wp-image-1293\" src=\"http:\/\/marikajonson.se\/wp-content\/uploads\/2011\/12\/kaosreda_1.jpg\" alt=\"kaosreda_1\" width=\"640\" height=\"350\" srcset=\"https:\/\/marikajonson.se\/wp-content\/uploads\/2011\/12\/kaosreda_1.jpg 640w, https:\/\/marikajonson.se\/wp-content\/uploads\/2011\/12\/kaosreda_1-200x109.jpg 200w, https:\/\/marikajonson.se\/wp-content\/uploads\/2011\/12\/kaosreda_1-210x115.jpg 210w\" sizes=\"(max-width: 640px) 100vw, 640px\" \/><\/a><\/h2>\n","protected":false},"excerpt":{"rendered":"<p>Genom \u00e5ren har jag hj\u00e4lpt familj, v\u00e4nner och bekanta med att f\u00e5 ordning i sina hem genom att rensa, strukturera och g\u00f6ra sig av med on\u00f6diga prylar. Jag f\u00e5r ofta fr\u00e5gor om jag har en webbsida med tips och det<\/p>\n","protected":false},"author":1,"featured_media":0,"parent":0,"menu_order":0,"comment_status":"closed","ping_status":"closed","template":"","meta":[],"_links":{"self":[{"href":"https:\/\/marikajonson.se\/en\/wp-json\/wp\/v2\/pages\/16"}],"collection":[{"href":"https:\/\/marikajonson.se\/en\/wp-json\/wp\/v2\/pages"}],"about":[{"href":"https:\/\/marikajonson.se\/en\/wp-json\/wp\/v2\/types\/page"}],"author":[{"embeddable":true,"href":"https:\/\/marikajonson.se\/en\/wp-json\/wp\/v2\/users\/1"}],"replies":[{"embeddable":true,"href":"https:\/\/marikajonson.se\/en\/wp-json\/wp\/v2\/comments?post=16"}],"version-history":[{"count":10,"href":"https:\/\/marikajonson.se\/en\/wp-json\/wp\/v2\/pages\/16\/revisions"}],"predecessor-version":[{"id":1319,"href":"https:\/\/marikajonson.se\/en\/wp-json\/wp\/v2\/pages\/16\/revisions\/1319"}],"wp:attachment":[{"href":"https:\/\/marikajonson.se\/en\/wp-json\/wp\/v2\/media?parent=16"}],"curies":[{"name":"wp","href":"https:\/\/api.w.org\/{rel}","templated":true}]}}